{"id":8,"date":"2025-12-29T22:39:29","date_gmt":"2025-12-29T22:39:29","guid":{"rendered":"https:\/\/goldcrownmc.com\/?page_id=8"},"modified":"2026-01-16T20:42:16","modified_gmt":"2026-01-16T20:42:16","slug":"inicio","status":"publish","type":"page","link":"https:\/\/goldcrownmc.com\/","title":{"rendered":"Inicio"},"content":{"rendered":"<p>[et_pb_section fb_built=\u00bb1&#8243; _builder_version=\u00bb4.27.5&#8243; _module_preset=\u00bbdefault\u00bb background_image=\u00bbhttps:\/\/goldcrownmc.com\/wp-content\/uploads\/2026\/01\/imgprincipalmodtres.png\u00bb custom_padding=\u00bb200px||261px||false|false\u00bb global_colors_info=\u00bb{}\u00bb][et_pb_row _builder_version=\u00bb4.27.5&#8243; _module_preset=\u00bbdefault\u00bb custom_padding=\u00bb||0px||false|false\u00bb global_colors_info=\u00bb{}\u00bb][et_pb_column type=\u00bb4_4&#8243; _builder_version=\u00bb4.27.5&#8243; _module_preset=\u00bbdefault\u00bb global_colors_info=\u00bb{}\u00bb][et_pb_text _builder_version=\u00bb4.27.5&#8243; _module_preset=\u00bbdefault\u00bb header_text_align=\u00bbcenter\u00bb header_text_color=\u00bb#FFFFFF\u00bb header_font_size=\u00bb58px\u00bb max_width=\u00bb73%\u00bb module_alignment=\u00bbcenter\u00bb custom_margin=\u00bb||0px||false|false\u00bb header_text_shadow_style=\u00bbpreset3&#8243; global_colors_info=\u00bb{}\u00bb]<\/p>\n<h1>Oportunidad de Financiaci\u00f3n &amp; Crecimiento Residual<\/h1>\n<p>[\/et_pb_text][et_pb_image src=\u00bbhttps:\/\/goldcrownmc.com\/wp-content\/uploads\/2026\/01\/punta-de-flecha-hacia-arriba.svg\u00bb title_text=\u00bbpunta-de-flecha-hacia-arriba\u00bb _builder_version=\u00bb4.27.5&#8243; _module_preset=\u00bbdefault\u00bb positioning=\u00bbabsolute\u00bb position_origin_a=\u00bbbottom_center\u00bb vertical_offset=\u00bb-263px\u00bb width=\u00bb10%\u00bb hover_enabled=\u00bb0&#8243; custom_css_main_element=\u00bbbackground: linear-gradient(90deg, rgba(184, 150, 46, 1) 0%, rgba(212, 175, 55, 1) 54%);||width:60px;||height:60px;||border-radius:50px;||padding:24px 15px;\u00bb global_colors_info=\u00bb{}\u00bb module_id=\u00bbnosotros\u00bb sticky_enabled=\u00bb0&#8243;][\/et_pb_image][\/et_pb_column][\/et_pb_row][\/et_pb_section][et_pb_section fb_built=\u00bb1&#8243; _builder_version=\u00bb4.27.5&#8243; _module_preset=\u00bbdefault\u00bb background_image=\u00bbhttps:\/\/goldcrownmc.com\/wp-content\/uploads\/2026\/01\/texturafondomodos.svg\u00bb custom_padding=\u00bb100px||||false|false\u00bb hover_enabled=\u00bb0&#8243; global_colors_info=\u00bb{}\u00bb module_id=\u00bbnosotros\u00bb sticky_enabled=\u00bb0&#8243;][et_pb_row column_structure=\u00bb1_2,1_2&#8243; use_custom_gutter=\u00bbon\u00bb gutter_width=\u00bb2&#8243; make_equal=\u00bbon\u00bb _builder_version=\u00bb4.27.5&#8243; _module_preset=\u00bbdefault\u00bb global_colors_info=\u00bb{}\u00bb][et_pb_column type=\u00bb1_2&#8243; _builder_version=\u00bb4.27.5&#8243; _module_preset=\u00bbdefault\u00bb global_colors_info=\u00bb{}\u00bb][et_pb_image src=\u00bbhttps:\/\/goldcrownmc.com\/wp-content\/uploads\/2026\/01\/imgnosotrosmoddos.png\u00bb title_text=\u00bbimgnosotrosmoddos\u00bb _builder_version=\u00bb4.27.5&#8243; _module_preset=\u00bbdefault\u00bb global_colors_info=\u00bb{}\u00bb][\/et_pb_image][\/et_pb_column][et_pb_column type=\u00bb1_2&#8243; _builder_version=\u00bb4.27.5&#8243; _module_preset=\u00bbdefault\u00bb custom_css_main_element=\u00bbmargin:auto;\u00bb global_colors_info=\u00bb{}\u00bb][et_pb_text _builder_version=\u00bb4.27.5&#8243; _module_preset=\u00bbdefault\u00bb header_2_text_color=\u00bb#FFFFFF\u00bb hover_enabled=\u00bb0&#8243; global_colors_info=\u00bb{}\u00bb sticky_enabled=\u00bb0&#8243;]<\/p>\n<h2>\u00bfQui\u00e9nes Somos?<\/h2>\n<p>[\/et_pb_text][et_pb_blurb image=\u00bbhttps:\/\/goldcrownmc.com\/wp-content\/uploads\/2026\/01\/iconouno.svg\u00bb icon_placement=\u00bbleft\u00bb image_icon_width=\u00bb56px\u00bb module_class=\u00bblist\u00bb _builder_version=\u00bb4.27.5&#8243; _module_preset=\u00bbdefault\u00bb body_text_color=\u00bb#FFFFFF\u00bb body_font_size=\u00bb20px\u00bb body_line_height=\u00bb1.5em\u00bb global_colors_info=\u00bb{}\u00bb]<\/p>\n<p>Somos una empresa especializada en importaci\u00f3n y comercializaci\u00f3n de oro.<\/p>\n<p>[\/et_pb_blurb][et_pb_blurb image=\u00bbhttps:\/\/goldcrownmc.com\/wp-content\/uploads\/2026\/01\/logisticaiconmod.svg\u00bb icon_placement=\u00bbleft\u00bb image_icon_width=\u00bb56px\u00bb module_class=\u00bblist\u00bb _builder_version=\u00bb4.27.5&#8243; _module_preset=\u00bbdefault\u00bb body_text_color=\u00bb#FFFFFF\u00bb body_font_size=\u00bb20px\u00bb body_line_height=\u00bb1.5em\u00bb global_colors_info=\u00bb{%22gcid-b32a31be-056e-40fa-bad5-77009dce8e5f%22:%91%22body_text_color%22%93}\u00bb]<\/p>\n<p>Experiencia en operaciones internacionales, legales y log\u00edsticas.<\/p>\n<p>[\/et_pb_blurb][et_pb_blurb image=\u00bbhttps:\/\/goldcrownmc.com\/wp-content\/uploads\/2026\/01\/rentabilidadicon.svg\u00bb icon_placement=\u00bbleft\u00bb image_icon_width=\u00bb53px\u00bb module_class=\u00bblist\u00bb _builder_version=\u00bb4.27.5&#8243; _module_preset=\u00bbdefault\u00bb body_text_color=\u00bb#FFFFFF\u00bb body_font_size=\u00bb20px\u00bb body_line_height=\u00bb1.5em\u00bb global_colors_info=\u00bb{%22gcid-0fafd731-5c77-4b38-b35f-05a5349abb01%22:%91%22body_text_color%22%93,%22gcid-b32a31be-056e-40fa-bad5-77009dce8e5f%22:%91%22body_text_color%22%93}\u00bb]<\/p>\n<p>Comprometidos con la rentabilidad, cumplimiento y transparencia.<\/p>\n<p>[\/et_pb_blurb][\/et_pb_column][\/et_pb_row][\/et_pb_section][et_pb_section fb_built=\u00bb1&#8243; _builder_version=\u00bb4.27.5&#8243; _module_preset=\u00bbdefault\u00bb background_image=\u00bbhttps:\/\/goldcrownmc.com\/wp-content\/uploads\/2026\/01\/imgnegocio.png\u00bb parallax=\u00bbon\u00bb hover_enabled=\u00bb0&#8243; global_colors_info=\u00bb{}\u00bb module_id=\u00bbmodelodenegocio\u00bb sticky_enabled=\u00bb0&#8243;][et_pb_row use_custom_gutter=\u00bbon\u00bb gutter_width=\u00bb2&#8243; make_equal=\u00bbon\u00bb _builder_version=\u00bb4.27.5&#8243; _module_preset=\u00bbdefault\u00bb global_colors_info=\u00bb{}\u00bb][et_pb_column type=\u00bb4_4&#8243; _builder_version=\u00bb4.27.5&#8243; _module_preset=\u00bbdefault\u00bb global_colors_info=\u00bb{}\u00bb][et_pb_text _builder_version=\u00bb4.27.5&#8243; _module_preset=\u00bbdefault\u00bb header_2_text_align=\u00bbcenter\u00bb header_2_text_color=\u00bb#FFFFFF\u00bb global_colors_info=\u00bb{}\u00bb]<\/p>\n<h2>Nuestro Modelo de Negocio<\/h2>\n<p>[\/et_pb_text][et_pb_text _builder_version=\u00bb4.27.5&#8243; _module_preset=\u00bbdefault\u00bb text_text_color=\u00bb#FFFFFF\u00bb text_font_size=\u00bb20px\u00bb text_orientation=\u00bbcenter\u00bb max_width=\u00bb60%\u00bb module_alignment=\u00bbcenter\u00bb global_colors_info=\u00bb{}\u00bb]<\/p>\n<p>Acuerdo Joint Venture, que combina capital y contactos estrat\u00e9gicos con la gesti\u00f3n operativa de Gold Crown Mining Corp, Inc. En una alianza de cuatro meses orientada a resultados.<\/p>\n<p>[\/et_pb_text][\/et_pb_column][\/et_pb_row][et_pb_row column_structure=\u00bb1_3,1_3,1_3&#8243; use_custom_gutter=\u00bbon\u00bb gutter_width=\u00bb2&#8243; make_equal=\u00bbon\u00bb _builder_version=\u00bb4.27.5&#8243; _module_preset=\u00bbdefault\u00bb global_colors_info=\u00bb{}\u00bb][et_pb_column type=\u00bb1_3&#8243; _builder_version=\u00bb4.27.5&#8243; _module_preset=\u00bbdefault\u00bb global_colors_info=\u00bb{}\u00bb][et_pb_number_counter title=\u00bbCapital \u00bb number=\u00bb$10K\u00bb percent_sign=\u00bboff\u00bb _builder_version=\u00bb4.27.5&#8243; _module_preset=\u00bbdefault\u00bb title_font=\u00bb&#8211;et_global_heading_font||||||||\u00bb title_text_color=\u00bb#FFFFFF\u00bb title_font_size=\u00bb26px\u00bb number_font=\u00bb&#8211;et_global_body_font||||||||\u00bb number_font_size=\u00bb65px\u00bb number_line_height=\u00bb105px\u00bb background_color=\u00bbrgba(255,255,255,0.15)\u00bb custom_padding=\u00bb37px||37px||true|false\u00bb border_radii=\u00bbon|18px|18px|18px|18px\u00bb global_colors_info=\u00bb{}\u00bb][\/et_pb_number_counter][\/et_pb_column][et_pb_column type=\u00bb1_3&#8243; _builder_version=\u00bb4.27.5&#8243; _module_preset=\u00bbdefault\u00bb global_colors_info=\u00bb{}\u00bb][et_pb_number_counter title=\u00bbMeses\u00bb number=\u00bb4&#8243; percent_sign=\u00bboff\u00bb _builder_version=\u00bb4.27.5&#8243; _module_preset=\u00bbdefault\u00bb title_font=\u00bb&#8211;et_global_heading_font||||||||\u00bb title_text_color=\u00bb#FFFFFF\u00bb title_font_size=\u00bb26px\u00bb number_font=\u00bb&#8211;et_global_body_font||||||||\u00bb number_font_size=\u00bb65px\u00bb number_line_height=\u00bb105px\u00bb background_color=\u00bbrgba(255,255,255,0.15)\u00bb custom_padding=\u00bb37px||37px||true|false\u00bb border_radii=\u00bbon|18px|18px|18px|18px\u00bb global_colors_info=\u00bb{}\u00bb][\/et_pb_number_counter][\/et_pb_column][et_pb_column type=\u00bb1_3&#8243; _builder_version=\u00bb4.27.5&#8243; _module_preset=\u00bbdefault\u00bb global_colors_info=\u00bb{}\u00bb][et_pb_number_counter title=\u00bbResultados\u00bb number=\u00bb12K\u00bb percent_sign=\u00bboff\u00bb _builder_version=\u00bb4.27.5&#8243; _module_preset=\u00bbdefault\u00bb title_font=\u00bb&#8211;et_global_heading_font||||||||\u00bb title_text_color=\u00bb#FFFFFF\u00bb title_font_size=\u00bb26px\u00bb number_font=\u00bb&#8211;et_global_body_font||||||||\u00bb number_font_size=\u00bb65px\u00bb number_line_height=\u00bb105px\u00bb background_color=\u00bbrgba(255,255,255,0.15)\u00bb custom_padding=\u00bb37px||37px||true|false\u00bb border_radii=\u00bbon|18px|18px|18px|18px\u00bb global_colors_info=\u00bb{}\u00bb][\/et_pb_number_counter][\/et_pb_column][\/et_pb_row][\/et_pb_section][et_pb_section fb_built=\u00bb1&#8243; _builder_version=\u00bb4.27.5&#8243; _module_preset=\u00bbdefault\u00bb hover_enabled=\u00bb0&#8243; global_colors_info=\u00bb{}\u00bb title_text=\u00bbtexturafondomodos\u00bb background_image=\u00bbhttps:\/\/goldcrownmc.com\/wp-content\/uploads\/2026\/01\/texturafondomodos.svg\u00bb sticky_enabled=\u00bb0&#8243;][et_pb_row column_structure=\u00bb1_2,1_2&#8243; _builder_version=\u00bb4.27.5&#8243; _module_preset=\u00bbdefault\u00bb hover_enabled=\u00bb0&#8243; global_colors_info=\u00bb{}\u00bb use_custom_gutter=\u00bbon\u00bb make_equal=\u00bbon\u00bb sticky_enabled=\u00bb0&#8243;][et_pb_column type=\u00bb1_2&#8243; _builder_version=\u00bb4.27.5&#8243; _module_preset=\u00bbdefault\u00bb hover_enabled=\u00bb0&#8243; global_colors_info=\u00bb{}\u00bb sticky_enabled=\u00bb0&#8243; custom_css_main_element=\u00bbmargin:auto;\u00bb][et_pb_text _builder_version=\u00bb4.27.5&#8243; _module_preset=\u00bbdefault\u00bb header_2_text_color=\u00bb#FFFFFF\u00bb header_2_line_height=\u00bb1.1em\u00bb custom_margin=\u00bb||10px||false|false\u00bb global_colors_info=\u00bb{}\u00bb]<\/p>\n<h2>Da el Primer Paso hacia una Inversi\u00f3n <span id=\"textogradient\">Respaldada por Oro<\/span><\/h2>\n<p>[\/et_pb_text][et_pb_text _builder_version=\u00bb4.27.5&#8243; _module_preset=\u00bbdefault\u00bb text_text_color=\u00bbgcid-0fafd731-5c77-4b38-b35f-05a5349abb01&#8243; text_font_size=\u00bb16px\u00bb custom_margin=\u00bb||17px||false|false\u00bb global_colors_info=\u00bb{%22gcid-0fafd731-5c77-4b38-b35f-05a5349abb01%22:%91%22text_text_color%22%93}\u00bb]<\/p>\n<p>Reg\u00edstrate y conoce c\u00f3mo nuestro modelo de Joint Venture conecta capital estrat\u00e9gico con la gesti\u00f3n operativa de Gold Crown Mining Corp. Una oportunidad clara, estructurada y orientada a resultados, pensada para inversionistas que valoran la seguridad, el cumplimiento y la proyecci\u00f3n sostenible.<\/p>\n<p>[\/et_pb_text][et_pb_button button_text=\u00bbReg\u00edstrate\u00bb _builder_version=\u00bb4.27.5&#8243; _module_preset=\u00bbdefault\u00bb custom_button=\u00bbon\u00bb hover_enabled=\u00bb0&#8243; global_colors_info=\u00bb{}\u00bb button_url=\u00bbhttps:\/\/goldcrownmc.com\/mioficina\/aut\/register?ref=1&#8243; sticky_enabled=\u00bb0&#8243;][\/et_pb_button][\/et_pb_column][et_pb_column type=\u00bb1_2&#8243; _builder_version=\u00bb4.27.5&#8243; _module_preset=\u00bbdefault\u00bb hover_enabled=\u00bb0&#8243; global_colors_info=\u00bb{}\u00bb sticky_enabled=\u00bb0&#8243;][et_pb_image src=\u00bbhttps:\/\/goldcrownmc.com\/wp-content\/uploads\/2026\/01\/imgregistromod.png\u00bb _builder_version=\u00bb4.27.5&#8243; _module_preset=\u00bbdefault\u00bb title_text=\u00bbimgregistromod\u00bb hover_enabled=\u00bb0&#8243; sticky_enabled=\u00bb0&#8243; custom_margin=\u00bb-16px||||false|false\u00bb][\/et_pb_image][\/et_pb_column][\/et_pb_row][\/et_pb_section]<\/p>\n","protected":false},"excerpt":{"rendered":"<p>Oportunidad de Financiaci\u00f3n &amp; Crecimiento Residual\u00bfQui\u00e9nes Somos?Somos una empresa especializada en importaci\u00f3n y comercializaci\u00f3n de oro.Experiencia en operaciones internacionales, legales y log\u00edsticas.Comprometidos con la rentabilidad, cumplimiento y transparencia.Nuestro Modelo de NegocioAcuerdo Joint Venture, que combina capital y contactos estrat\u00e9gicos con la gesti\u00f3n operativa de Gold Crown Mining Corp, Inc. En una alianza de cuatro meses [&hellip;]<\/p>\n","protected":false},"author":1,"featured_media":0,"parent":0,"menu_order":0,"comment_status":"closed","ping_status":"closed","template":"","meta":{"_et_pb_use_builder":"on","_et_pb_old_content":"","_et_gb_content_width":"","inline_featured_image":false,"footnotes":""},"class_list":["post-8","page","type-page","status-publish","hentry"],"_links":{"self":[{"href":"https:\/\/goldcrownmc.com\/index.php\/wp-json\/wp\/v2\/pages\/8","targetHints":{"allow":["GET"]}}],"collection":[{"href":"https:\/\/goldcrownmc.com\/index.php\/wp-json\/wp\/v2\/pages"}],"about":[{"href":"https:\/\/goldcrownmc.com\/index.php\/wp-json\/wp\/v2\/types\/page"}],"author":[{"embeddable":true,"href":"https:\/\/goldcrownmc.com\/index.php\/wp-json\/wp\/v2\/users\/1"}],"replies":[{"embeddable":true,"href":"https:\/\/goldcrownmc.com\/index.php\/wp-json\/wp\/v2\/comments?post=8"}],"version-history":[{"count":35,"href":"https:\/\/goldcrownmc.com\/index.php\/wp-json\/wp\/v2\/pages\/8\/revisions"}],"predecessor-version":[{"id":112,"href":"https:\/\/goldcrownmc.com\/index.php\/wp-json\/wp\/v2\/pages\/8\/revisions\/112"}],"wp:attachment":[{"href":"https:\/\/goldcrownmc.com\/index.php\/wp-json\/wp\/v2\/media?parent=8"}],"curies":[{"name":"wp","href":"https:\/\/api.w.org\/{rel}","templated":true}]}}